{"id":1381,"date":"2023-03-15T15:51:28","date_gmt":"2023-03-15T14:51:28","guid":{"rendered":"https:\/\/polmos.bielsko.pl\/?page_id=1381"},"modified":"2023-04-24T17:24:20","modified_gmt":"2023-04-24T15:24:20","slug":"kontakt","status":"publish","type":"page","link":"https:\/\/polmos.bielsko.pl\/en\/kontakt\/","title":{"rendered":"Kontakt"},"content":{"rendered":"<p>[vc_row][vc_column width=&#8221;2\/3&#8243;][vc_raw_html]JTIwJTIwJTIwJTIwJTIwJTIwJTIwJTIwJTNDZGl2JTIwY2xhc3MlM0QlMjJvbmVfZnVsbCUyMiUzRSUyMCUyMCUyMCUyMCUyMCUyMCUyMCUyMCUwQSUyMCUyMCUyMCUyMCUyMCUyMCUyMCUyMCUzQ2lmcmFtZSUyMGNsYXNzJTNEJTIyZ29vZ2xlLW1hcDMlMjIlMjBzcmMlM0QlMjJodHRwcyUzQSUyRiUyRnd3dy5nb29nbGUuY29tJTJGbWFwcyUyRmVtYmVkJTNGcGIlM0QlMjExbTE4JTIxMW0xMiUyMTFtMyUyMTFkMjU3NC44NjI2NjY5ODUzODElMjEyZDE5LjA0MDU2NzQwMDAwMDAwOCUyMTNkNDkuODA3NDQ5NTAwMDAwMDElMjEybTMlMjExZjAlMjEyZjAlMjEzZjAlMjEzbTIlMjExaTEwMjQlMjEyaTc2OCUyMTRmMTMuMSUyMTNtMyUyMTFtMiUyMTFzMHg0NzE2OWY4MDJlMmRkMmFiJTI1M0EweGM1ZWE0NzlmNDMyODdhYzklMjEyc0thcnBhY2thJTJCMTElMjUyQyUyQkJpZWxza28tQmlhJTI1QzUlMjU4MmElMjE1ZTAlMjEzbTIlMjExc3BsJTIxMnNwbCUyMTR2MTQyMzY5MTk5NjE0MyUyMiUyMHdpZHRoJTNEJTIyNjAwJTIyJTIwaGVpZ2h0JTNEJTIyNDUwJTIyJTIwZnJhbWVib3JkZXIlM0QlMjIwJTIyJTIwc3R5bGUlM0QlMjJib3JkZXIlM0EwJTIyJTNFJTNDJTJGaWZyYW1lJTNFJTBBJTIwJTIwJTIwJTIwJTIwJTIwJTIwJTIwJTBBJTIwJTIwJTIwJTIwJTIwJTIwJTIwJTIwJTNDYnIlMjAlMkYlM0UlM0NzbWFsbCUzRSUzQ2ElMjB0YXJnZXQlM0QlMjJfYmxhbmslMjIlMjBocmVmJTNEJTIyaHR0cHMlM0ElMkYlMkZ3d3cuZ29vZ2xlLnBsJTJGbWFwcyUyRnBsYWNlJTJGS2FycGFja2ElMkIxMSUyQyUyQkJpZWxza28tQmlhJTI1QzUlMjU4MmElMkYlNDA0OS44MDc0NDk1JTJDMTkuMDQwNTY3NCUyQzE3eiUyRmRhdGElM0QlMjEzbTElMjE0YjElMjE0bTIlMjEzbTElMjExczB4NDcxNjlmODAyZTJkZDJhYiUzQTB4YzVlYTQ3OWY0MzI4N2FjOSUyMiUyMHN0eWxlJTNEJTIyY29sb3IlM0ElMjMwMDAwRkYlM0J0ZXh0LWFsaWduJTNBbGVmdCUyMiUzRVpvYmFjeiUyMHdpJUM0JTk5a3N6JUM0JTg1JTIwbWFwJUM0JTk5JTNDJTJGYSUzRSUzQyUyRnNtYWxsJTNFJTBBJTIwJTIwJTIwJTIwJTIwJTIwJTIwJTIwJTNDYnIlMkYlM0UlM0NiciUyRiUzRSUzQyUyRmRpdiUzRQ==[\/vc_raw_html][vc_column_text]<\/p>\n<p style=\"text-align: center;\"><strong>Privacy and Cookies Policy<\/strong><br \/>\n<strong>applicable to the website: https:\/\/polmos.bielsko.pl\/<\/strong><\/p>\n<p>&nbsp;<\/p>\n<p style=\"text-align: center;\"><strong>RECITALS<\/strong><\/p>\n<p style=\"text-align: left;\">As of 25 May 2018, the Regulation of the European Parliament and of the Council (EU) 2016\/679 of 27 April 2016 on the protection of natural persons with regard to the processing of personal data and on the free movement of such data, and repealing Directive 95\/46\/EC (General Data Protection Regulation) (Official Journal of the EU L No. 119, page 1), hereinafter: GDPR, applies in the entire territory of the European Union. Considering the applicable provisions of the law and acting to protect personal data of users of the website at the following address: https:\/\/polmos.bielsko.pl\/ (hereinafter: \u201cWebsite\u201d), we hereby introduce this Privacy Policy. In relation to the fulfilment of requirements under Article 13, we inform you that we process your personal data.<\/p>\n<p>&nbsp;<\/p>\n<p><strong>Personal data controller<\/strong><br \/>\nWithin the meaning of Article 4 point 7 of GDPR, POLMOS Bielsko-Bia\u0142a Sp\u00f3\u0142ka Akcyjna (joint-stock company) is the controller of your personal data. Full data of the Controller: POLMOS Bielsko-Bia\u0142a Sp\u00f3\u0142ka Akcyjna (joint-stock company), with its registered office in Bielsko-Bia\u0142a (43-316) at Karpacka 11, entered to the Register of Entrepreneurs kept by the District Court in Bielsko-Bia\u0142a, 8th Economic Division of Krajowy Rejestr S\u0105dowy (KRS, National Court Register), under the KRS No.: 0000038866, NIP (Tax Identification Number): 5470048857, BDO (Database of Products, Packaging and Waste Management): 000012003, and share capital of PLN 31,700,000.00 (paid up in full). We have the status of a large entrepreneur within the meaning of Article 4c of the Act of 8 March 2013 on Combating Excessive Delays in Trade Transactions (Dz.U. [Journal of Laws] of 2021, item 424, as amended).<\/p>\n<p>&nbsp;<\/p>\n<p><strong>Personal data<\/strong><br \/>\nPersonal data are all pieces of information that allow for the identification of a natural person.<br \/>\nYou provide your personal data voluntarily.<br \/>\nOur website: https:\/\/polmos.bielsko.pl can be browsed anonymously.<\/p>\n<p>Purpose and legal basis for the processing of personal data<br \/>\nYour personal data shall be processed for the purpose of:<\/p>\n<p>\u2022 <strong>Providing response to your query<\/strong> \u2013 we use your personal data, including email address, phone No. and all data you decide to provide us with when writing an email message to us, in order to make contact with you, provide you a response to your query or undertake other actions in relation to the message received from you. The legal basis for the processing of your personal data for this purpose is our legitimate interest (Article 6 section 1 letter f of GDPR) which consists in the provision of proper services to a Website user, including a client. However, if, when writing an email to us, you decide to provide us with data that we cannot use with reference to our legitimate interest, we deem that by sending the query you consent to their use for the above-mentioned purpose. Therefore, the legal basis for the processing of your personal data is consent (Article 6 section 1 letter a of GDPR). You can withdraw such consent at any time, without any adverse consequences. Your data shall be stored for a period of time necessary to provide response to your query or to undertake other actions in relation with the message received from you, but not longer than 1 year.<\/p>\n<p>\u2022 (Dz.U. [Journal of Laws] of 2023, item 240) <strong>Monitoring of traffic and assurance of proper operation of Websites<\/strong> \u2013 We use your personal data, including IP address, information about the operating system, type of browser and end device, browsed Website resources (identified with URLs), as well as other information about your activity on our Website, including information registered and stored with cookies. We use such data in order to:<br \/>\na) monitor traffic on Websites, including number and duration of visits, channels generating visits and habits concerning the use of Websites,<br \/>\nb) ensure proper operation of Websites, including adaptation of Websites for end devices and browsers of users, detection of errors in the operation of Websites and faster searches.<br \/>\nThe legal basis for the processing of your personal data for this purpose is our legitimate interest (Article 6 section 1 letter f of GDPR) which consists in the better knowledge of needs, expectations and habits of Website users and the provision of effective communication via Websites.<br \/>\nYour data shall be stored for the above-mentioned purposes for a period of not more than 1 year. However, this does not apply to IDs and information stored with permanent cookies with longer lifetime (as discussed in greater detail below).<br \/>\nIn relation to the monitoring of traffic on Websites (including in relation to the use of Google Analytics tools), we use unique identifiers and other information stored in the memory of your device with permanent cookies. The cookies that we use originate both from our Internet domains and from the .google.com domain. The lifetime of such files is up to 2 years. Google Ireland Limited may gain access to identifiers and other information stored in the memory of your device.<\/p>\n<p>\u2022 <strong>Improving the comfort of use of Websites<\/strong> \u2013 In relation to the improvement of the comfort of use of Websites, including the prevention of repeated display of the same messages, we use certain pieces of information, including identifiers, that are not personal data. Such information may be stored in the memory of your device with cookies. Such information includes:<br \/>\na) information about the viewing of contents of these websites on a device with a small screen (we use permanent cookies with the lifetime of slightly over 1 year),<br \/>\nb) information about the viewing of message about cookies (we use permanent cookies with the lifetime of 1 year or 3 years, depending on the website).<br \/>\nc) The cookies we use originate from our Internet domains, and thus no third parties gain access to information stored on your device.<\/p>\n<p>\u2022 <strong>Providing security of use of Websites<\/strong> \u2013 In relation to the provision of security of use of Websites we use some information, including identifiers of viewing sessions, that is personal data. Such information is stored in the memory of your device with cookies. The legal basis for its use for this purpose is our legal obligation (Article 6 section 1 letter c of GDPR) which consists in the provision of security (including confidentiality and integrity) of personal data sent in the course of communication between users and Website servers and, within the scope exceeding our legal obligations, our legitimate interest (Article 6 section 1 letter f of GDPR) which consists in the provision of security of communication between users and Website servers. Your data shall be stored for the above-mentioned purposes for a period corresponding to the lifetime of permanent cookies.<\/p>\n<p>\u2022 <strong>Considering claims, complaints and queries related to exercising the rights of data subjects<\/strong> \u2013 We use your personal data, including email address and any data you decide to provide us in the sent email, in order to consider and settle claims, complaints and queries submitted by you in relation to exercising your rights under GDPR, undertake actions in relation to the claim, complaint or query submitted by you, and inform you about such actions. The legal basis for the processing of your personal data for this purpose is our legal obligation (Article 6 section 1 letter c of GDPR) under the provisions of GDPR. Your data shall be stored for this purpose for a period of 5 years from the date of submitting claim, complaint or query.<\/p>\n<p>&nbsp;<\/p>\n<p><strong>Recipients of data<\/strong><br \/>\nWe disclose your personal data in the following cases:<br \/>\n\u2022 when such obligation is imposed by the applicable provisions of the law, particularly at the request of the prosecutor\u2019s office, Police and other state authorities,<br \/>\n\u2022 when it is necessary to fulfil our needs, particularly: to law offices.<br \/>\nFurthermore, your personal data may be provided to service providers, that is entities processing personal data upon our order and on our behalf:<br \/>\n\u2022 providers of ICT services, such as hosting, provision or maintenance of IT systems and applications,<br \/>\n\u2022 Google Ireland Limited, provider of Google Analytics tools.<br \/>\nYour data shall not be provided outside the territory of the European Union and the European Economic Area (EEA).<\/p>\n<p>&nbsp;<\/p>\n<p><strong>Rights<\/strong><br \/>\nYou have the right to:<br \/>\n\u2022 access your personal data, obtain confirmation whether your personal data are used, obtain their copies and obtain information, among other things, about: purposes of use, categories of personal data, categories of recipients to whom personal data have been or will be disclosed, planned period of storage of personal data, source of obtaining data by us (pursuant to Article 15 of GDPR).<br \/>\n\u2022 obtain copy of personal data you have provided us and transfer such copy to you or another indicated entity in the commonly used, machine-readable format, if we use your data on the basis of consent or for the purpose of performance of agreement (pursuant to Article 20 of GDPR).<br \/>\n\u2022 rectify your personal data when they are incomplete or incorrect (pursuant to Article 16 of GDPR).<br \/>\n\u2022 erase all or some of your personal data (pursuant to Article 17 of GDPR) if:<br \/>\na) you withdraw the consent and we do not have any other legal basis for the use of such data,<br \/>\nb) your personal data are no longer necessary in relation to the purposes for which they were collected or otherwise used,<br \/>\nc) you lodge a complaint and we find it justified,<br \/>\nd) your personal data are used contrary to the provisions of the law.<br \/>\n\u2022 restrict the use of your personal data (pursuant to Article 18 of GDPR), that is demand that we stop their use; however, this does not apply to the storage of your personal data in situations when:<br \/>\na) you question the correctness of your personal data \u2013 then we restrict their use for a period of time necessary for us to check the correctness of your data;<br \/>\nb) you question the compliance with the law of the use of personal data by us;<br \/>\nc) we no longer need such data, but they are still needed by you to assert, submit or defend claims;<br \/>\nd) you object to the use of your data \u2013 until we make a decision on the legitimacy of the objection.<\/p>\n<p>You also have the right to:<br \/>\n\u2022 object for reasons related to your special situation, in relation to the use of your personal data on the basis of our legitimate interests. As a result of objection, we shall consider whether, due to your special situation, the protection of your interests, rights and freedoms prevails over our interests with the use of personal data. If your objection is justified and there is no other legal basis for the use of such data, we shall erase them (pursuant to Article 21 section 1 of GDPR)<br \/>\n\u2022 withdraw the consent granted to the use of personal data at any time. The withdrawal of consent shall have no impact on the legal compliance of their use on the basis of consent prior to its withdrawal (pursuant to Article 7 of GDPR)<\/p>\n<p>Contact us in the case of any questions, comments and requests concerning this privacy policy, in order to withdraw your consent or exercise your rights. You can contact us by sending a message to the following address: sekretariat@polmos.bielsko.pl.<\/p>\n<p>&nbsp;<\/p>\n<p><strong>An integral part of this Privacy Policy is the Cookies Policy referred to below.<\/strong><\/p>\n<p>If you have any comments or questions about the way we use information about you, please contact us. In order to adjust cookies, you need to click on the link available directly below the information about the cookies policy.<\/p>\n<p>Cookies are IT data, particularly text files, that are stored on the end device of the user and are intended for the use of the website. Cookies usually include the name of the website from which they originate, the time of their storage on the end device and a unique number.<br \/>\nWe save cookies on your device if you give your consent. This does not apply only to session and permanent cookies necessary to ensure security of use of Websites, and session cookies necessary to verify age. You can give your consent by clicking the \u201cI accept\u201d button at the banner about cookies that is displayed on our Websites. In order to remember your decision about acceptance or rejection of cookies, we will save an additional cookie on your device for a period not longer than 1 year.<br \/>\n\u2022 With regard to permanent cookies saving information about successful age verification, you can give your consent by clicking the \u201cENTER\u201d button during the age verification process.<br \/>\n\u2022 With the appropriate adjustment of browser settings, you can delete the already saved cookies (e.g. together with the history of browsed websites and cache files) or block the saving of new cookies. Depending on the selected settings, you can block or delete all or some cookies. For example, you can block the saving of permanent files or files originating from other websites, as well as delete files saved at a given period of time or during a given session. You can also decide to browse our website in the \u201cprivate\u201d mode that limits the scope of data registered by the computer.<br \/>\n\u2022 More information can be found at the relevant website of your browser provider:<br \/>\n\u2022 Internet Explorer<br \/>\n\u2022 Mozzila Firefox<br \/>\n\u2022 Google Chrome<br \/>\n\u2022 Safari<br \/>\nIn order to find information about other browsers visit the website of such browser provider.<\/p>\n<p>&nbsp;<\/p>\n<p><strong>How will we inform you about any changes in this privacy policy?<\/strong><\/p>\n<p>Any potential changes in our privacy policy in the future will be published at this website and reported, in relevant cases, by electronic means to data subjects, with the indication of important information about the intended changes and their effective date.[\/vc_column_text][\/vc_column][vc_column width=&#8221;1\/3&#8243;][vc_column_text]<\/p>\n<h3><span style=\"font-family: Raleway,sans-serif; color: #001b44; font-size: 21px;\">POLMOS Bielsko-Bia\u0142a S.A.<\/span><\/h3>\n<p><span style=\"font-family: Open Sans,sans-serif; font-size: 14px;\">ul. Karpacka 11<\/span><br \/>\n<span style=\"font-family: Open Sans,sans-serif; font-size: 14px;\">43-316 Bielsko-Bia\u0142a<\/span><\/p>\n<p>&nbsp;<\/p>\n<h5><span style=\"color: #001b44; font-size: 14px; font-family: Raleway,sans-serif;\">Centrala<\/span><\/h5>\n<p><span style=\"font-family: Open Sans,sans-serif; color: #727272;\">Tel. +48 (33) 47 00 900<\/span><\/p>\n<p>&nbsp;<\/p>\n<h5><span style=\"color: #001b44; font-family: Open Sans; font-size: 14px;\">Sekretariat<\/span><\/h5>\n<p><span style=\"font-family: Open Sans,sans-serif; font-size: 14px; color: #727272;\">Tel. +48 (33) 47 00 915<\/span><br \/>\n<span style=\"font-family: Open Sans,sans-serif; font-size: 14px; color: #727272;\">Fax. +48 (33) 47 00 914<\/span><br \/>\n<span style=\"font-family: Open San,sans-serifs; font-size: 14px; color: #727272;\">sekretariat@polmos.bielsko.pl<\/span><\/p>\n<p>&nbsp;<\/p>\n<h5><span style=\"font-family: Raleway,sans-serif; color: #001b44; font-size: 14px;\">Prezes Zarz\u0105du<\/span><\/h5>\n<p><span style=\"color: #727272; font-family: Open Sans,sans-serif; font-size: 14px;\">Ryszard Bilski<\/span><br \/>\n<span style=\"color: #727272; font-family: Open Sans,sans-serif; font-size: 14px;\">Tel. +48 (33) 47 00 915<\/span><br \/>\n<span style=\"color: #727272; font-family: Open Sans,sans-serif; font-size: 14px;\">sekretariat@polmos.bielsko.pl<\/span><\/p>\n<p>&nbsp;<\/p>\n<h5><span style=\"color: #001b44; font-family: Raleway,sans-serif; font-size: 14px;\">G\u0142\u00f3wny Ksi\u0119gowy<\/span><\/h5>\n<p><span style=\"font-family: Open Sans,sans-serif; font-size: 14px; color: #727272;\">Artur Supel<\/span><br \/>\n<span style=\"font-family: Open Sans,sans-serif; font-size: 14px; color: #727272;\">Tel. +48 (33) 47 00 920<\/span><br \/>\n<span style=\"font-family: Open Sans,sans-serif; font-size: 14px; color: #727272;\">artur.supel@polmos.bielsko.pl<\/span><\/p>\n<p>&nbsp;<\/p>\n<h5><span style=\"color: #001b44; font-family: Raleway,sans-serif; font-size: 14px;\">Dyrektor Techniczny<\/span><\/h5>\n<p><span style=\"font-family: Open Sans,sans-serif; font-size: 14px; color: #727272;\">Marek Marchewka<\/span><br \/>\n<span style=\"font-family: Open Sans,sans-serif; font-size: 14px; color: #727272;\">Tel. +48 (33) 47 00 912<\/span><br \/>\n<span style=\"font-family: Open Sans,sans-serif; font-size: 14px; color: #727272;\">m.marchewka@polmos.bielsko.pl<\/span><\/p>\n<p>&nbsp;<\/p>\n<h5><span style=\"font-family: Raleway,sans-serif; color: #001b44; font-size: 14px;\">G\u0142\u00f3wny Technolog<\/span><\/h5>\n<p><span style=\"color: #727272; font-family: Open Sans,sans-serif; font-size: 14px;\">Tel. +48 (33) 47 00 930<\/span><br \/>\n<span style=\"color: #727272; font-family: Open Sans,sans-serif; font-size: 14px;\">technolog@polmos.bielsko.pl<\/span><\/p>\n<p>&nbsp;<\/p>\n<h5><span style=\"font-family: Raleway,sans-serif; color: #001b44; font-size: 14px;\">Dzia\u0142 Sprzeda\u017cy<\/span><\/h5>\n<p><span style=\"font-family: Open Sans,sans-serif; font-size: 14px; color: #727272;\">Tel. +48 (33) 47 00 961, -962, -963<\/span><br \/>\n<span style=\"font-family: Open Sans,sans-serif; font-size: 14px; color: #727272;\">Fax. +48 (33) 47 00 964<\/span><br \/>\n<span style=\"font-family: Open Sans,sans-serif; font-size: 14px; color: #727272;\">handel@polmos.bielsko.pl<\/span><\/p>\n<p>&nbsp;<\/p>\n<h5><span style=\"color: #001b44; font-family: Raleway,sans-serif; font-size: 14px;\">Dzia\u0142 Exportu<\/span><\/h5>\n<p><span style=\"font-size: 14px; font-family: Open Sans,sans-serif;\">Tel. +48 (33) 47 00 965, -966, -967<\/span><br \/>\n<span style=\"font-size: 14px; font-family: Open Sans,sans-serif;\">export@polmos.bielsko.pl<\/span><\/p>\n<p>&nbsp;<\/p>\n<h5><span style=\"font-family: Raleway,sans-serif; color: #001b44; font-size: 14px;\">Dzia\u0142 Kontroli Jako\u015bci<\/span><\/h5>\n<p><span style=\"font-family: Open Sans,sans-serif; color: #727272; font-size: 14px;\">Tel. +48 (33) 47 00 971<\/span><br \/>\n<span style=\"font-family: Open Sans,sans-serif; color: #727272; font-size: 14px;\">dkj@polmos.bielsko.pl<\/span><\/p>\n<p>&nbsp;<\/p>\n<h5><span style=\"color: #001b44; font-family: Raleway,sans-serif; font-size: 14px;\">Dzia\u0142 Informatyki<\/span><\/h5>\n<p><span style=\"color: #727272; font-family: Open Sans,sans-serif; font-size: 14px;\">Tel. +48 (33) 47 00 981<\/span><br \/>\n<span style=\"color: #727272; font-family: Open Sans,sans-serif; font-size: 14px;\">it@polmos.bielsko.pl<\/span><\/p>\n<p>&nbsp;<\/p>\n<h5><span style=\"color: #001b44; font-family: Raleway,sans-serif; font-size: 14px;\">Dzia\u0142 Logistyki i Infrastuktury<\/span><\/h5>\n<p><span style=\"color: #727272; font-family: Open Sans,sans-serif; font-size: 14px;\">Tel. +48 (33) 47 00 952<\/span><br \/>\n<span style=\"color: #727272; font-family: Open Sans,sans-serif; font-size: 14px;\">logistyka@polmos.bielsko.pl<\/span><\/p>\n<p>&nbsp;<\/p>\n<h5><span style=\"font-family: Raleway,sans-serif; color: #001b44; font-size: 14px;\">Dzia\u0142 Kadr i Administracji<\/span><\/h5>\n<p><span style=\"color: #727272; font-family: Open Sans,sans-serif; font-size: 14px;\">Tel. +48 (33) 47 00 949<\/span><br \/>\n<span style=\"color: #727272; font-family: Open Sans,sans-serif; font-size: 14px;\">kadry@polmos.bielsko.pl<\/span><\/p>\n<p>&nbsp;<\/p>\n<h5><span style=\"font-family: Raleway,sans-serif; color: #001b44; font-size: 14px;\">Dzia\u0142 Zakup\u00f3w<\/span><\/h5>\n<p><span style=\"font-family: Open Sans,sans-serif; color: #727272; font-size: 14px;\">Tel. +48 (33) 47 00 985, -987<\/span><br \/>\n<span style=\"font-family: Open Sans,sans-serif; color: #727272; font-size: 14px;\">Fax. +48 (33) 47 00 986<\/span><br \/>\n<span style=\"font-family: Open Sans,sans-serif; color: #727272; font-size: 14px;\">zaopatrzenie@polmos.bielsko.pl<\/span><\/p>\n<p>[\/vc_column_text][\/vc_column][\/vc_row]<\/p>\n","protected":false},"excerpt":{"rendered":"<p>[vc_row][vc_column width=&#8221;2\/3&#8243;][vc_raw_html]JTIwJTIwJTIwJTIwJTIwJTIwJTIwJTIwJTNDZGl2JTIwY2xhc3MlM0QlMjJvbmVfZnVsbCUyMiUzRSUyMCUyMCUyMCUyMCUyMCUyMCUyMCUyMCUwQSUyMCUyMCUyMCUyMCUyMCUyMCUyMCUyMCUzQ2lmcmFtZSUyMGNsYXNzJTNEJTIyZ29vZ2xlLW1hcDMlMjIlMjBzcmMlM0QlMjJodHRwcyUzQSUyRiUyRnd3dy5nb29nbGUuY29tJTJGbWFwcyUyRmVtYmVkJTNGcGIlM0QlMjExbTE4JTIxMW0xMiUyMTFtMyUyMTFkMjU3NC44NjI2NjY5ODUzODElMjEyZDE5LjA0MDU2NzQwMDAwMDAwOCUyMTNkNDkuODA3NDQ5NTAwMDAwMDElMjEybTMlMjExZjAlMjEyZjAlMjEzZjAlMjEzbTIlMjExaTEwMjQlMjEyaTc2OCUyMTRmMTMuMSUyMTNtMyUyMTFtMiUyMTFzMHg0NzE2OWY4MDJlMmRkMmFiJTI1M0EweGM1ZWE0NzlmNDMyODdhYzklMjEyc0thcnBhY2thJTJCMTElMjUyQyUyQkJpZWxza28tQmlhJTI1QzUlMjU4MmElMjE1ZTAlMjEzbTIlMjExc3BsJTIxMnNwbCUyMTR2MTQyMzY5MTk5NjE0MyUyMiUyMHdpZHRoJTNEJTIyNjAwJTIyJTIwaGVpZ2h0JTNEJTIyNDUwJTIyJTIwZnJhbWVib3JkZXIlM0QlMjIwJTIyJTIwc3R5bGUlM0QlMjJib3JkZXIlM0EwJTIyJTNFJTNDJTJGaWZyYW1lJTNFJTBBJTIwJTIwJTIwJTIwJTIwJTIwJTIwJTIwJTBBJTIwJTIwJTIwJTIwJTIwJTIwJTIwJTIwJTNDYnIlMjAlMkYlM0UlM0NzbWFsbCUzRSUzQ2ElMjB0YXJnZXQlM0QlMjJfYmxhbmslMjIlMjBocmVmJTNEJTIyaHR0cHMlM0ElMkYlMkZ3d3cuZ29vZ2xlLnBsJTJGbWFwcyUyRnBsYWNlJTJGS2FycGFja2ElMkIxMSUyQyUyQkJpZWxza28tQmlhJTI1QzUlMjU4MmElMkYlNDA0OS44MDc0NDk1JTJDMTkuMDQwNTY3NCUyQzE3eiUyRmRhdGElM0QlMjEzbTElMjE0YjElMjE0bTIlMjEzbTElMjExczB4NDcxNjlmODAyZTJkZDJhYiUzQTB4YzVlYTQ3OWY0MzI4N2FjOSUyMiUyMHN0eWxlJTNEJTIyY29sb3IlM0ElMjMwMDAwRkYlM0J0ZXh0LWFsaWduJTNBbGVmdCUyMiUzRVpvYmFjeiUyMHdpJUM0JTk5a3N6JUM0JTg1JTIwbWFwJUM0JTk5JTNDJTJGYSUzRSUzQyUyRnNtYWxsJTNFJTBBJTIwJTIwJTIwJTIwJTIwJTIwJTIwJTIwJTNDYnIlMkYlM0UlM0NiciUyRiUzRSUzQyUyRmRpdiUzRQ==[\/vc_raw_html][vc_column_text] Privacy and Cookies Policy applicable to the website: https:\/\/polmos.bielsko.pl\/ &nbsp; RECITALS As of 25 May 2018, the Regulation [&hellip;]<\/p>\n","protected":false},"author":1,"featured_media":0,"parent":0,"menu_order":0,"comment_status":"closed","ping_status":"closed","template":"","meta":{"_acf_changed":false,"footnotes":""},"class_list":["post-1381","page","type-page","status-publish","hentry"],"acf":[],"_links":{"self":[{"href":"https:\/\/polmos.bielsko.pl\/en\/wp-json\/wp\/v2\/pages\/1381","targetHints":{"allow":["GET"]}}],"collection":[{"href":"https:\/\/polmos.bielsko.pl\/en\/wp-json\/wp\/v2\/pages"}],"about":[{"href":"https:\/\/polmos.bielsko.pl\/en\/wp-json\/wp\/v2\/types\/page"}],"author":[{"embeddable":true,"href":"https:\/\/polmos.bielsko.pl\/en\/wp-json\/wp\/v2\/users\/1"}],"replies":[{"embeddable":true,"href":"https:\/\/polmos.bielsko.pl\/en\/wp-json\/wp\/v2\/comments?post=1381"}],"version-history":[{"count":3,"href":"https:\/\/polmos.bielsko.pl\/en\/wp-json\/wp\/v2\/pages\/1381\/revisions"}],"predecessor-version":[{"id":1768,"href":"https:\/\/polmos.bielsko.pl\/en\/wp-json\/wp\/v2\/pages\/1381\/revisions\/1768"}],"wp:attachment":[{"href":"https:\/\/polmos.bielsko.pl\/en\/wp-json\/wp\/v2\/media?parent=1381"}],"curies":[{"name":"wp","href":"https:\/\/api.w.org\/{rel}","templated":true}]}}