{"id":1394,"date":"2022-10-28T17:17:35","date_gmt":"2022-10-28T15:17:35","guid":{"rendered":"https:\/\/polmos.bielsko.pl\/?page_id=1394"},"modified":"2023-04-24T16:00:48","modified_gmt":"2023-04-24T14:00:48","slug":"leca-zurawie","status":"publish","type":"page","link":"https:\/\/polmos.bielsko.pl\/en\/products\/white-vodka\/leca-zurawie\/","title":{"rendered":"Lec\u0105 \u017burawie"},"content":{"rendered":"<p>[vc_row full_width=&#8221;stretch_row_content_no_spaces&#8221;][vc_column][layerslider_vc id=&#8221;11&#8243;][\/vc_column][\/vc_row][vc_row css_animation=&#8221;fadeInUp&#8221;][vc_column width=&#8221;1\/2&#8243;][vc_column_text]<\/p>\n<h4 style=\"text-align: left;\"><span style=\"font-size: 22px; font-family: Raleway, sans-serif; color: #001b44;\">LEC\u0104 \u017bURAWIE<\/span><\/h4>\n<h6 style=\"text-align: left;\"><span style=\"font-size: 14px; font-family: Raleway, sans-serif; color: #999999;\">Experience the unique purity of Lec\u0105 \u017burawie vodka&#8217;s taste, created from a combination of excellent rye and crystal clear water.<br \/>\nIts distinctive and dry flavour results from five-fold distillation and multi-stage carbon filtering.<\/span><\/h6>\n<p>&nbsp;<\/p>\n<h6 style=\"padding-left: 40px;\"><span style=\"font-size: 14px; font-family: Raleway, sans-serif; color: #999999;\">Alc: 40%<\/span><\/h6>\n<h6 style=\"padding-left: 40px;\"><span style=\"font-size: 14px; font-family: Raleway, sans-serif; color: #999999;\">Vol: 50cl<\/span><\/h6>\n<p>[\/vc_column_text][\/vc_column][vc_column width=&#8221;1\/2&#8243;][vc_single_image image=&#8221;795&#8243; img_size=&#8221;full&#8221; alignment=&#8221;right&#8221;][\/vc_column][\/vc_row]<\/p>\n","protected":false},"excerpt":{"rendered":"<p>[vc_row full_width=&#8221;stretch_row_content_no_spaces&#8221;][vc_column][layerslider_vc id=&#8221;11&#8243;][\/vc_column][\/vc_row][vc_row css_animation=&#8221;fadeInUp&#8221;][vc_column width=&#8221;1\/2&#8243;][vc_column_text] LEC\u0104 \u017bURAWIE Experience the unique purity of Lec\u0105 \u017burawie vodka&#8217;s taste, created from a combination [&hellip;]<\/p>\n","protected":false},"author":1,"featured_media":0,"parent":1376,"menu_order":0,"comment_status":"closed","ping_status":"closed","template":"","meta":{"_acf_changed":false,"footnotes":""},"class_list":["post-1394","page","type-page","status-publish","hentry"],"acf":[],"_links":{"self":[{"href":"https:\/\/polmos.bielsko.pl\/en\/wp-json\/wp\/v2\/pages\/1394","targetHints":{"allow":["GET"]}}],"collection":[{"href":"https:\/\/polmos.bielsko.pl\/en\/wp-json\/wp\/v2\/pages"}],"about":[{"href":"https:\/\/polmos.bielsko.pl\/en\/wp-json\/wp\/v2\/types\/page"}],"author":[{"embeddable":true,"href":"https:\/\/polmos.bielsko.pl\/en\/wp-json\/wp\/v2\/users\/1"}],"replies":[{"embeddable":true,"href":"https:\/\/polmos.bielsko.pl\/en\/wp-json\/wp\/v2\/comments?post=1394"}],"version-history":[{"count":3,"href":"https:\/\/polmos.bielsko.pl\/en\/wp-json\/wp\/v2\/pages\/1394\/revisions"}],"predecessor-version":[{"id":1702,"href":"https:\/\/polmos.bielsko.pl\/en\/wp-json\/wp\/v2\/pages\/1394\/revisions\/1702"}],"up":[{"embeddable":true,"href":"https:\/\/polmos.bielsko.pl\/en\/wp-json\/wp\/v2\/pages\/1376"}],"wp:attachment":[{"href":"https:\/\/polmos.bielsko.pl\/en\/wp-json\/wp\/v2\/media?parent=1394"}],"curies":[{"name":"wp","href":"https:\/\/api.w.org\/{rel}","templated":true}]}}