{"id":1414,"date":"2022-10-28T17:23:06","date_gmt":"2022-10-28T15:23:06","guid":{"rendered":"https:\/\/polmos.bielsko.pl\/?page_id=1414"},"modified":"2023-04-24T16:08:59","modified_gmt":"2023-04-24T14:08:59","slug":"zurek-zytni","status":"publish","type":"page","link":"https:\/\/polmos.bielsko.pl\/en\/products\/white-vodka\/zurek-zytni\/","title":{"rendered":"\u017burek \u017bytni"},"content":{"rendered":"<p>[vc_row full_width=&#8221;stretch_row_content_no_spaces&#8221;][vc_column][layerslider_vc id=&#8221;19&#8243;][\/vc_column][\/vc_row][vc_row css_animation=&#8221;fadeInUp&#8221;][vc_column width=&#8221;1\/2&#8243;][vc_column_text]<\/p>\n<h4 style=\"text-align: left;\"><span style=\"font-size: 22px; font-family: Raleway, sans-serif; color: #001b44;\">\u017bUREK \u017bYTNI<\/span><\/h4>\n<h6 style=\"text-align: left;\"><span style=\"font-size: 14px; font-family: Raleway, sans-serif; color: #999999;\"><br \/>\nThanks to the careful work of our passionate specialists, we have created an extraordinary vodka. \u017bytni \u017burek is a liquor crafted like in the old days. Made from Da\u0144kowskie Z\u0142ote rye, it is full of the aromas of freshly baked bread. Its unique purity comes from combining the best spirit with crystal clear mountain spring water from the Beskids.<\/span><\/h6>\n<p>&nbsp;<\/p>\n<h6 style=\"padding-left: 40px;\"><span style=\"font-size: 14px; font-family: Raleway, sans-serif; color: #999999;\">Alc: 40%<\/span><\/h6>\n<h6 style=\"padding-left: 40px;\"><span style=\"font-size: 14px; font-family: Raleway, sans-serif; color: #999999;\">Vol: 50cl, 70cl<\/span><\/h6>\n<p>[\/vc_column_text][\/vc_column][vc_column width=&#8221;1\/2&#8243;][vc_single_image image=&#8221;837&#8243; img_size=&#8221;full&#8221; alignment=&#8221;right&#8221;][\/vc_column][\/vc_row]<\/p>\n","protected":false},"excerpt":{"rendered":"<p>[vc_row full_width=&#8221;stretch_row_content_no_spaces&#8221;][vc_column][layerslider_vc id=&#8221;19&#8243;][\/vc_column][\/vc_row][vc_row css_animation=&#8221;fadeInUp&#8221;][vc_column width=&#8221;1\/2&#8243;][vc_column_text] \u017bUREK \u017bYTNI Thanks to the careful work of our passionate specialists, we have created an [&hellip;]<\/p>\n","protected":false},"author":1,"featured_media":0,"parent":1376,"menu_order":0,"comment_status":"closed","ping_status":"closed","template":"","meta":{"_acf_changed":false,"footnotes":""},"class_list":["post-1414","page","type-page","status-publish","hentry"],"acf":[],"_links":{"self":[{"href":"https:\/\/polmos.bielsko.pl\/en\/wp-json\/wp\/v2\/pages\/1414","targetHints":{"allow":["GET"]}}],"collection":[{"href":"https:\/\/polmos.bielsko.pl\/en\/wp-json\/wp\/v2\/pages"}],"about":[{"href":"https:\/\/polmos.bielsko.pl\/en\/wp-json\/wp\/v2\/types\/page"}],"author":[{"embeddable":true,"href":"https:\/\/polmos.bielsko.pl\/en\/wp-json\/wp\/v2\/users\/1"}],"replies":[{"embeddable":true,"href":"https:\/\/polmos.bielsko.pl\/en\/wp-json\/wp\/v2\/comments?post=1414"}],"version-history":[{"count":2,"href":"https:\/\/polmos.bielsko.pl\/en\/wp-json\/wp\/v2\/pages\/1414\/revisions"}],"predecessor-version":[{"id":1709,"href":"https:\/\/polmos.bielsko.pl\/en\/wp-json\/wp\/v2\/pages\/1414\/revisions\/1709"}],"up":[{"embeddable":true,"href":"https:\/\/polmos.bielsko.pl\/en\/wp-json\/wp\/v2\/pages\/1376"}],"wp:attachment":[{"href":"https:\/\/polmos.bielsko.pl\/en\/wp-json\/wp\/v2\/media?parent=1414"}],"curies":[{"name":"wp","href":"https:\/\/api.w.org\/{rel}","templated":true}]}}