{"id":1418,"date":"2022-10-30T23:00:54","date_gmt":"2022-10-30T22:00:54","guid":{"rendered":"https:\/\/polmos.bielsko.pl\/?page_id=1418"},"modified":"2023-04-27T17:31:56","modified_gmt":"2023-04-27T15:31:56","slug":"bialy-bocian-flavours","status":"publish","type":"page","link":"https:\/\/polmos.bielsko.pl\/en\/products\/flavoured-vodkas\/bialy-bocian-flavours\/","title":{"rendered":"Bia\u0142y Bocian Flavours"},"content":{"rendered":"<p>[vc_row full_width=&#8221;stretch_row_content_no_spaces&#8221;][vc_column][layerslider_vc id=&#8221;21&#8243;][\/vc_column][\/vc_row][vc_row css_animation=&#8221;fadeInUp&#8221;][vc_column width=&#8221;1\/2&#8243;][vc_column_text]<\/p>\n<h4 style=\"text-align: left;\"><span style=\"font-size: 22px; font-family: Raleway, sans-serif; color: #001b44;\">BIA\u0141Y BOCIAN FLAVOURS<\/span><\/h4>\n<h6 style=\"text-align: left;\"><span style=\"font-size: 14px; font-family: Raleway, sans-serif; color: #999999;\">A new, lusciously fruity range of Bia\u0142y Bocian. Original flavour compositions based on spirit from Wielkopolska, crafted according to a unique recipe. The traditional production process, natural ingredients and perfectly balanced proportions ensure richness of taste. Each flavour variant is distinguished by its unusual softness and intense fruity finish.<\/span><\/h6>\n<p>&nbsp;<\/p>\n<h6 style=\"padding-left: 40px;\"><span style=\"font-size: 14px; font-family: Raleway, sans-serif; color: #999999;\">Bia\u0142y Bocian \u015aliwka (Plum) 28%, vol. 20cl, 50cl<\/span><\/h6>\n<h6 style=\"padding-left: 40px;\"><span style=\"font-size: 14px; font-family: Raleway, sans-serif; color: #999999;\">Bia\u0142y Bocian Cytryna na Miodzie gryczanym (Lemon and Buckwheat Honey) 28%, vol. 20cl, 50cl<\/span><\/h6>\n<h6 style=\"padding-left: 40px;\"><span style=\"font-size: 14px; font-family: Raleway, sans-serif; color: #999999;\">Bia\u0142y Bocian Cytryna z Mi\u0119t\u0105 (Lemon and Mint) 28%, vol. 20cl, 50cl<\/span><\/h6>\n<h6 style=\"padding-left: 40px;\"><span style=\"font-size: 14px; font-family: Raleway, sans-serif; color: #999999;\">Bia\u0142y Bocian Czarna Porzeczka (Black Currant) 28%, vol. 20cl, 50cl<\/span><\/h6>\n<h6 style=\"padding-left: 40px;\"><span style=\"font-size: 14px; font-family: Raleway, sans-serif; color: #999999;\">Bia\u0142y Bocian Wi\u015bnia (Cherry) 28%, vol. 20cl, 50cl<\/span><\/h6>\n<h6 style=\"padding-left: 40px;\"><span style=\"font-size: 14px; font-family: Raleway, sans-serif; color: #999999;\">Bia\u0142y Bocian Cytryna (Lemon) 28%, vol. 20cl, 50cl<\/span><\/h6>\n<h6 style=\"padding-left: 40px;\"><span style=\"font-size: 14px; font-family: Raleway, sans-serif; color: #999999;\">Bia\u0142y Bocian Pigwa (Quince) 28%, vol. 20cl, 50cl<\/span><\/h6>\n<h6 style=\"padding-left: 40px;\"><span style=\"font-size: 14px; font-family: Raleway, sans-serif; color: #999999;\">Bia\u0142y Bocian Jab\u0142ko (Apple) 28%, vol. 20cl, 50cl<\/span><\/h6>\n<p>[\/vc_column_text][\/vc_column][vc_column width=&#8221;1\/2&#8243;][vc_single_image image=&#8221;1771&#8243; img_size=&#8221;full&#8221; alignment=&#8221;right&#8221;][\/vc_column][\/vc_row]<\/p>\n","protected":false},"excerpt":{"rendered":"<p>[vc_row full_width=&#8221;stretch_row_content_no_spaces&#8221;][vc_column][layerslider_vc id=&#8221;21&#8243;][\/vc_column][\/vc_row][vc_row css_animation=&#8221;fadeInUp&#8221;][vc_column width=&#8221;1\/2&#8243;][vc_column_text] BIA\u0141Y BOCIAN FLAVOURS A new, lusciously fruity range of Bia\u0142y Bocian. Original flavour compositions based [&hellip;]<\/p>\n","protected":false},"author":1,"featured_media":0,"parent":1415,"menu_order":0,"comment_status":"closed","ping_status":"closed","template":"","meta":{"_acf_changed":false,"footnotes":""},"class_list":["post-1418","page","type-page","status-publish","hentry"],"acf":[],"_links":{"self":[{"href":"https:\/\/polmos.bielsko.pl\/en\/wp-json\/wp\/v2\/pages\/1418","targetHints":{"allow":["GET"]}}],"collection":[{"href":"https:\/\/polmos.bielsko.pl\/en\/wp-json\/wp\/v2\/pages"}],"about":[{"href":"https:\/\/polmos.bielsko.pl\/en\/wp-json\/wp\/v2\/types\/page"}],"author":[{"embeddable":true,"href":"https:\/\/polmos.bielsko.pl\/en\/wp-json\/wp\/v2\/users\/1"}],"replies":[{"embeddable":true,"href":"https:\/\/polmos.bielsko.pl\/en\/wp-json\/wp\/v2\/comments?post=1418"}],"version-history":[{"count":6,"href":"https:\/\/polmos.bielsko.pl\/en\/wp-json\/wp\/v2\/pages\/1418\/revisions"}],"predecessor-version":[{"id":1814,"href":"https:\/\/polmos.bielsko.pl\/en\/wp-json\/wp\/v2\/pages\/1418\/revisions\/1814"}],"up":[{"embeddable":true,"href":"https:\/\/polmos.bielsko.pl\/en\/wp-json\/wp\/v2\/pages\/1415"}],"wp:attachment":[{"href":"https:\/\/polmos.bielsko.pl\/en\/wp-json\/wp\/v2\/media?parent=1418"}],"curies":[{"name":"wp","href":"https:\/\/api.w.org\/{rel}","templated":true}]}}